{"id":14,"date":"2014-09-11T14:31:13","date_gmt":"2014-09-11T14:31:13","guid":{"rendered":"http:\/\/mexport.nl\/?page_id=14"},"modified":"2016-01-13T13:08:51","modified_gmt":"2016-01-13T13:08:51","slug":"14-2","status":"publish","type":"page","link":"https:\/\/mexport.nl\/pt-br\/","title":{"rendered":"Home"},"content":{"rendered":"\n\t\t\t\t<p class=\"rs-p-wp-fix\"><\/p>\n\t\t\t\t<sr7-module data-alias=\"home slider\" data-id=\"2\" id=\"SR7_2_1\" data-version=\"6.7.53\">\n\t\t\t\t\t<sr7-adjuster><\/sr7-adjuster>\n\t\t\t\t\t<sr7-content>\n\t\t\t\t\t\t<sr7-slide id=\"SR7_2_1-1\" data-key=\"1\">\n\t\t\t\t\t\t\t<sr7-bg id=\"SR7_2_1-1-slidebg\" class=\"sr7-layer\"><noscript><img decoding=\"async\" src=\"https:\/\/mexport.nl\/wp-content\/uploads\/2016\/01\/soil-preparation.jpg\" alt=\"\" title=\"Home\"><\/noscript><\/sr7-bg>\n\t\t\t\t\t\t\t<sr7-txt id=\"SR7_2_1-1-5\" class=\"sr7-layer\">More product information<\/sr7-txt>\n\t\t\t\t\t\t\t<sr7-txt id=\"SR7_2_1-1-6\" class=\"sr7-layer\">Soil preparation<\/sr7-txt>\n\t\t\t\t\t\t<\/sr7-slide>\n\t\t\t\t\t\t<sr7-slide id=\"SR7_2_1-11\" data-key=\"11\">\n\t\t\t\t\t\t\t<sr7-bg id=\"SR7_2_1-11-slidebg\" class=\"sr7-layer\"><noscript><img decoding=\"async\" src=\"https:\/\/mexport.nl\/wp-content\/uploads\/2016\/01\/soil-preparation.jpg\" alt=\"\" title=\"Home\"><\/noscript><\/sr7-bg>\n\t\t\t\t\t\t\t<sr7-txt id=\"SR7_2_1-11-5\" class=\"sr7-layer\">Mais informa\u00e7\u00f5es sobre o produto<\/sr7-txt>\n\t\t\t\t\t\t\t<sr7-txt id=\"SR7_2_1-11-6\" class=\"sr7-layer\">Prepara\u00e7\u00e3o do solo<\/sr7-txt>\n\t\t\t\t\t\t<\/sr7-slide>\n\t\t\t\t\t\t<sr7-slide id=\"SR7_2_1-7\" data-key=\"7\">\n\t\t\t\t\t\t\t<sr7-bg id=\"SR7_2_1-7-slidebg\" class=\"sr7-layer\"><noscript><img decoding=\"async\" src=\"https:\/\/mexport.nl\/wp-content\/uploads\/2016\/01\/potato-treatment.jpg\" alt=\"\" title=\"Home\"><\/noscript><\/sr7-bg>\n\t\t\t\t\t\t\t<sr7-txt id=\"SR7_2_1-7-5\" class=\"sr7-layer\">More product information<\/sr7-txt>\n\t\t\t\t\t\t\t<sr7-txt id=\"SR7_2_1-7-6\" class=\"sr7-layer\">Potato treatment<\/sr7-txt>\n\t\t\t\t\t\t<\/sr7-slide>\n\t\t\t\t\t\t<sr7-slide id=\"SR7_2_1-15\" data-key=\"15\">\n\t\t\t\t\t\t\t<sr7-bg id=\"SR7_2_1-15-slidebg\" class=\"sr7-layer\"><noscript><img decoding=\"async\" src=\"https:\/\/mexport.nl\/wp-content\/uploads\/2016\/01\/potato-treatment.jpg\" alt=\"\" title=\"Home\"><\/noscript><\/sr7-bg>\n\t\t\t\t\t\t\t<sr7-txt id=\"SR7_2_1-15-5\" class=\"sr7-layer\">Mais informa\u00e7\u00f5es sobre o produto<\/sr7-txt>\n\t\t\t\t\t\t\t<sr7-txt id=\"SR7_2_1-15-6\" class=\"sr7-layer\">Tratamento de sementes<\/sr7-txt>\n\t\t\t\t\t\t<\/sr7-slide>\n\t\t\t\t\t\t<sr7-slide id=\"SR7_2_1-2\" data-key=\"2\">\n\t\t\t\t\t\t\t<sr7-bg id=\"SR7_2_1-2-slidebg\" class=\"sr7-layer\"><noscript><img decoding=\"async\" src=\"https:\/\/mexport.nl\/wp-content\/uploads\/2016\/01\/planting-technology.jpg\" alt=\"\" title=\"Home\"><\/noscript><\/sr7-bg>\n\t\t\t\t\t\t\t<sr7-txt id=\"SR7_2_1-2-5\" class=\"sr7-layer\">More product information<\/sr7-txt>\n\t\t\t\t\t\t\t<sr7-txt id=\"SR7_2_1-2-6\" class=\"sr7-layer\">Planting technology<\/sr7-txt>\n\t\t\t\t\t\t<\/sr7-slide>\n\t\t\t\t\t\t<sr7-slide id=\"SR7_2_1-19\" data-key=\"19\">\n\t\t\t\t\t\t\t<sr7-bg id=\"SR7_2_1-19-slidebg\" class=\"sr7-layer\"><noscript><img decoding=\"async\" src=\"https:\/\/mexport.nl\/wp-content\/uploads\/2016\/01\/planting-technology.jpg\" alt=\"\" title=\"Home\"><\/noscript><\/sr7-bg>\n\t\t\t\t\t\t\t<sr7-txt id=\"SR7_2_1-19-5\" class=\"sr7-layer\">Mais informa\u00e7\u00f5es sobre o produto<\/sr7-txt>\n\t\t\t\t\t\t\t<sr7-txt id=\"SR7_2_1-19-6\" class=\"sr7-layer\">Tecnologia de plantas<\/sr7-txt>\n\t\t\t\t\t\t<\/sr7-slide>\n\t\t\t\t\t\t<sr7-slide id=\"SR7_2_1-3\" data-key=\"3\">\n\t\t\t\t\t\t\t<sr7-bg id=\"SR7_2_1-3-slidebg\" class=\"sr7-layer\"><noscript><img decoding=\"async\" src=\"https:\/\/mexport.nl\/wp-content\/uploads\/2016\/01\/crop-protection.jpg\" alt=\"\" title=\"Home\"><\/noscript><\/sr7-bg>\n\t\t\t\t\t\t\t<sr7-txt id=\"SR7_2_1-3-5\" class=\"sr7-layer\">More product information<\/sr7-txt>\n\t\t\t\t\t\t\t<sr7-txt id=\"SR7_2_1-3-6\" class=\"sr7-layer\">Crop protection<\/sr7-txt>\n\t\t\t\t\t\t<\/sr7-slide>\n\t\t\t\t\t\t<sr7-slide id=\"SR7_2_1-23\" data-key=\"23\">\n\t\t\t\t\t\t\t<sr7-bg id=\"SR7_2_1-23-slidebg\" class=\"sr7-layer\"><noscript><img decoding=\"async\" src=\"https:\/\/mexport.nl\/wp-content\/uploads\/2016\/01\/crop-protection.jpg\" alt=\"\" title=\"Home\"><\/noscript><\/sr7-bg>\n\t\t\t\t\t\t\t<sr7-txt id=\"SR7_2_1-23-5\" class=\"sr7-layer\">Mais informa\u00e7\u00f5es sobre o produto<\/sr7-txt>\n\t\t\t\t\t\t\t<sr7-txt id=\"SR7_2_1-23-6\" class=\"sr7-layer\">Protec\u00e7\u00e3o das culturas<\/sr7-txt>\n\t\t\t\t\t\t<\/sr7-slide>\n\t\t\t\t\t\t<sr7-slide id=\"SR7_2_1-4\" data-key=\"4\">\n\t\t\t\t\t\t\t<sr7-bg id=\"SR7_2_1-4-slidebg\" class=\"sr7-layer\"><noscript><img decoding=\"async\" src=\"https:\/\/mexport.nl\/wp-content\/uploads\/2016\/01\/harvest.jpg\" alt=\"\" title=\"Home\"><\/noscript><\/sr7-bg>\n\t\t\t\t\t\t\t<sr7-txt id=\"SR7_2_1-4-5\" class=\"sr7-layer\">More product information<\/sr7-txt>\n\t\t\t\t\t\t\t<sr7-txt id=\"SR7_2_1-4-6\" class=\"sr7-layer\">Harvest technology<\/sr7-txt>\n\t\t\t\t\t\t<\/sr7-slide>\n\t\t\t\t\t\t<sr7-slide id=\"SR7_2_1-27\" data-key=\"27\">\n\t\t\t\t\t\t\t<sr7-bg id=\"SR7_2_1-27-slidebg\" class=\"sr7-layer\"><noscript><img decoding=\"async\" src=\"https:\/\/mexport.nl\/wp-content\/uploads\/2016\/01\/harvest.jpg\" alt=\"\" title=\"Home\"><\/noscript><\/sr7-bg>\n\t\t\t\t\t\t\t<sr7-txt id=\"SR7_2_1-27-5\" class=\"sr7-layer\">Mais informa\u00e7\u00f5es sobre o produto<\/sr7-txt>\n\t\t\t\t\t\t\t<sr7-txt id=\"SR7_2_1-27-6\" class=\"sr7-layer\">Tecnologia de colheita<\/sr7-txt>\n\t\t\t\t\t\t<\/sr7-slide>\n\t\t\t\t\t\t<sr7-slide id=\"SR7_2_1-5\" data-key=\"5\">\n\t\t\t\t\t\t\t<sr7-bg id=\"SR7_2_1-5-slidebg\" class=\"sr7-layer\"><noscript><img decoding=\"async\" src=\"https:\/\/mexport.nl\/wp-content\/uploads\/2016\/01\/in-and-outstore.jpg\" alt=\"\" title=\"Home\"><\/noscript><\/sr7-bg>\n\t\t\t\t\t\t\t<sr7-txt id=\"SR7_2_1-5-5\" class=\"sr7-layer\">More product information<\/sr7-txt>\n\t\t\t\t\t\t\t<sr7-txt id=\"SR7_2_1-5-6\" class=\"sr7-layer\">In and out store technology<\/sr7-txt>\n\t\t\t\t\t\t<\/sr7-slide>\n\t\t\t\t\t\t<sr7-slide id=\"SR7_2_1-31\" data-key=\"31\">\n\t\t\t\t\t\t\t<sr7-bg id=\"SR7_2_1-31-slidebg\" class=\"sr7-layer\"><noscript><img decoding=\"async\" src=\"https:\/\/mexport.nl\/wp-content\/uploads\/2016\/01\/in-and-outstore.jpg\" alt=\"\" title=\"Home\"><\/noscript><\/sr7-bg>\n\t\t\t\t\t\t\t<sr7-txt id=\"SR7_2_1-31-5\" class=\"sr7-layer\">Mais informa\u00e7\u00f5es sobre o produto<\/sr7-txt>\n\t\t\t\t\t\t\t<sr7-txt id=\"SR7_2_1-31-6\" class=\"sr7-layer\">Sistemas de armazenamento<\/sr7-txt>\n\t\t\t\t\t\t<\/sr7-slide>\n\t\t\t\t\t\t<sr7-slide id=\"SR7_2_1-6\" data-key=\"6\">\n\t\t\t\t\t\t\t<sr7-bg id=\"SR7_2_1-6-slidebg\" class=\"sr7-layer\"><noscript><img decoding=\"async\" src=\"https:\/\/mexport.nl\/wp-content\/uploads\/2016\/01\/storage-technology.jpg\" alt=\"\" title=\"Home\"><\/noscript><\/sr7-bg>\n\t\t\t\t\t\t\t<sr7-txt id=\"SR7_2_1-6-5\" class=\"sr7-layer\">More product information<\/sr7-txt>\n\t\t\t\t\t\t\t<sr7-txt id=\"SR7_2_1-6-6\" class=\"sr7-layer\">Storage technology<\/sr7-txt>\n\t\t\t\t\t\t<\/sr7-slide>\n\t\t\t\t\t\t<sr7-slide id=\"SR7_2_1-35\" data-key=\"35\">\n\t\t\t\t\t\t\t<sr7-bg id=\"SR7_2_1-35-slidebg\" class=\"sr7-layer\"><noscript><img decoding=\"async\" src=\"https:\/\/mexport.nl\/wp-content\/uploads\/2016\/01\/storage-technology.jpg\" alt=\"\" title=\"Home\"><\/noscript><\/sr7-bg>\n\t\t\t\t\t\t\t<sr7-txt id=\"SR7_2_1-35-5\" class=\"sr7-layer\">Mais informa\u00e7\u00f5es sobre o produto<\/sr7-txt>\n\t\t\t\t\t\t\t<sr7-txt id=\"SR7_2_1-35-6\" class=\"sr7-layer\">Tecnologia de armazenamento<\/sr7-txt>\n\t\t\t\t\t\t<\/sr7-slide>\n\t\t\t\t\t<\/sr7-content>\n\t\t\t\t<\/sr7-module>\n\t\t\t\t<script>\n\t\t\t\t\twindow.SR7 ??={};SR7.PMH ??={}; SR7.PMH[\"SR7_2_1\"] = {cn:100,state:false,fn: function() { if (window._tpt!==undefined && window._tpt.prepareModuleHeight !== undefined) {  _tpt.prepareModuleHeight({id:\"SR7_2_1\",el:[],type:'standard',shdw:'0',gh:[470],gw:[940],vpt:['-200px'],size:{fullWidth:false, fullHeight:false},mh:'0',onh:0,onw:0,bg:{color:'transparent'},plType:'0',plColor:'#FFFFFF'});   SR7.PMH[\"SR7_2_1\"].state=true;} else if(SR7.PMH[\"SR7_2_1\"].cn-->0)\tsetTimeout( SR7.PMH[\"SR7_2_1\"].fn,19);}};SR7.PMH[\"SR7_2_1\" ].fn();\n\t\t\t\t<\/script>\n\n<hr>\n<div class=\"row\">\n<div class=\"col-xs-12  col-sm-6  col-md-6 col-lg-6\">\n<h2>Bem-vindo ao Mexport<\/h2>\n<p>Mexport (fundada em 1989) especializa-se em otimizar o processo de cultivo completo da batata, desde a prepara\u00e7\u00e3o do solo at\u00e9 a armazenagem. A Mexport medeia entre fabricantes europeus e empres\u00e1rios agr\u00edcolas na Am\u00e9rica do Sul. Com base na Holanda e com muita experi\u00eancia na regi\u00e3o da Am\u00e9rica Latina, a Mexport sabe como otimizar processos, aumentar a qualidade do produto e aprimorar a efici\u00eancia.<\/div>\n<div class=\"col-xs-12  col-sm-6  col-md-6 col-lg-6\"><img loading=\"lazy\" decoding=\"async\" class=\"img-responsive alignnone wp-image-987 size-full\" src=\"http:\/\/mexport.nl\/wp-content\/uploads\/2014\/09\/1.jpg\" alt=\"\" width=\"895\" height=\"647\" srcset=\"https:\/\/mexport.nl\/wp-content\/uploads\/2014\/09\/1.jpg 895w, https:\/\/mexport.nl\/wp-content\/uploads\/2014\/09\/1-300x217.jpg 300w\" sizes=\"auto, (max-width: 895px) 100vw, 895px\" \/><\/div>\n<\/div>\n","protected":false},"excerpt":{"rendered":"","protected":false},"author":1,"featured_media":0,"parent":0,"menu_order":0,"comment_status":"open","ping_status":"open","template":"","meta":{"footnotes":""},"class_list":["post-14","page","type-page","status-publish","hentry"],"_links":{"self":[{"href":"https:\/\/mexport.nl\/pt-br\/wp-json\/wp\/v2\/pages\/14","targetHints":{"allow":["GET"]}}],"collection":[{"href":"https:\/\/mexport.nl\/pt-br\/wp-json\/wp\/v2\/pages"}],"about":[{"href":"https:\/\/mexport.nl\/pt-br\/wp-json\/wp\/v2\/types\/page"}],"author":[{"embeddable":true,"href":"https:\/\/mexport.nl\/pt-br\/wp-json\/wp\/v2\/users\/1"}],"replies":[{"embeddable":true,"href":"https:\/\/mexport.nl\/pt-br\/wp-json\/wp\/v2\/comments?post=14"}],"version-history":[{"count":7,"href":"https:\/\/mexport.nl\/pt-br\/wp-json\/wp\/v2\/pages\/14\/revisions"}],"predecessor-version":[{"id":1213,"href":"https:\/\/mexport.nl\/pt-br\/wp-json\/wp\/v2\/pages\/14\/revisions\/1213"}],"wp:attachment":[{"href":"https:\/\/mexport.nl\/pt-br\/wp-json\/wp\/v2\/media?parent=14"}],"curies":[{"name":"wp","href":"https:\/\/api.w.org\/{rel}","templated":true}]}}