{"id":118,"date":"2014-09-22T10:50:16","date_gmt":"2014-09-22T10:50:16","guid":{"rendered":"http:\/\/mexport.nl\/?page_id=118"},"modified":"2014-09-22T10:50:16","modified_gmt":"2014-09-22T10:50:16","slug":"sobre-nos","status":"publish","type":"page","link":"https:\/\/mexport.nl\/pt-br\/sobre-nos\/","title":{"rendered":"Mexport. Inova\u00e7\u00e3o e otimiza\u00e7\u00e3o no cultivo da batata"},"content":{"rendered":"<p>Holanda \u00e9 conhecida mundialmente pela sua capacidade de inova\u00e7\u00e3o. A partir desta altitude vem um impulso constante para otimizar os processos agr\u00edcolas. Produto e otimiza\u00e7\u00e3o do processo s\u00e3o metas nas quais os especialistas holandeses trabalham continuamente.<\/p>\n<p>Mexport (fundada em 1989) especializa-se em otimizar o processo de cultivo completo da batata, desde a prepara\u00e7\u00e3o do solo at\u00e9 a armazenagem. A Mexport medeia entre fabricantes europeus e empres\u00e1rios agr\u00edcolas na Am\u00e9rica do Sul. Com base na Holanda e com muita experi\u00eancia na regi\u00e3o da Am\u00e9rica Latina, a Mexport sabe como otimizar processos, aumentar a qualidade do produto e aprimorar a efici\u00eancia.<\/p>\n<p>Nossa abordagem pessoal e conhecimento local acrescenta-se ao seu neg\u00f3cio. Trabalhando em estreita colabora\u00e7\u00e3o com nossos clientes, bem com nossos fornecedores, n\u00f3s oferecemos solu\u00e7\u00f5es personalizadas criadas com base em situa\u00e7\u00f5es locais.<\/p>\n<p>N\u00f3s tamb\u00e9m podemos dar aos nossos clientes \u00a0conselhos completos sobre inovadoras solu\u00e7\u00f5es de neg\u00f3cios no local.<\/p>\n","protected":false},"excerpt":{"rendered":"<p>Holanda \u00e9 conhecida mundialmente pela sua capacidade de inova\u00e7\u00e3o. A&#8230;<\/p>\n","protected":false},"author":1,"featured_media":72,"parent":0,"menu_order":0,"comment_status":"open","ping_status":"open","template":"template-two-column.php","meta":{"footnotes":""},"class_list":["post-118","page","type-page","status-publish","has-post-thumbnail","hentry"],"_links":{"self":[{"href":"https:\/\/mexport.nl\/pt-br\/wp-json\/wp\/v2\/pages\/118","targetHints":{"allow":["GET"]}}],"collection":[{"href":"https:\/\/mexport.nl\/pt-br\/wp-json\/wp\/v2\/pages"}],"about":[{"href":"https:\/\/mexport.nl\/pt-br\/wp-json\/wp\/v2\/types\/page"}],"author":[{"embeddable":true,"href":"https:\/\/mexport.nl\/pt-br\/wp-json\/wp\/v2\/users\/1"}],"replies":[{"embeddable":true,"href":"https:\/\/mexport.nl\/pt-br\/wp-json\/wp\/v2\/comments?post=118"}],"version-history":[{"count":1,"href":"https:\/\/mexport.nl\/pt-br\/wp-json\/wp\/v2\/pages\/118\/revisions"}],"predecessor-version":[{"id":119,"href":"https:\/\/mexport.nl\/pt-br\/wp-json\/wp\/v2\/pages\/118\/revisions\/119"}],"wp:featuredmedia":[{"embeddable":true,"href":"https:\/\/mexport.nl\/pt-br\/wp-json\/wp\/v2\/media\/72"}],"wp:attachment":[{"href":"https:\/\/mexport.nl\/pt-br\/wp-json\/wp\/v2\/media?parent=118"}],"curies":[{"name":"wp","href":"https:\/\/api.w.org\/{rel}","templated":true}]}}