{"id":109,"date":"2014-09-22T10:44:26","date_gmt":"2014-09-22T10:44:26","guid":{"rendered":"http:\/\/mexport.nl\/?page_id=109"},"modified":"2015-12-21T10:33:01","modified_gmt":"2015-12-21T10:33:01","slug":"produtos","status":"publish","type":"page","link":"https:\/\/mexport.nl\/pt-br\/produtos\/","title":{"rendered":"Mexport. Trabalhando com marcas fortes."},"content":{"rendered":"<p>A Mexport trabalha exclusivamente com os principais fabricantes europeus especializados na \u00e1rea de mecaniza\u00e7\u00e3o agr\u00edcola da colheita da batata e sistemas de armazenamento. A qualidade e a confiabilidade s\u00e3o garantidas. Em nosso leque de produtos oferecemos as melhores solu\u00e7\u00f5es para todas as fases do processo do cultivo de batata. Nesta p\u00e1gina listamos e classificamos nossos grupos de produtos, combinando-os com os fabricantes com quem trabalhamos. Para mais informa\u00e7\u00f5es sobre toda a gama de maquin\u00e1rio, por favor, clique no logotipo fabricantes.<\/p>\n<hr>\n<div class=\"row grid\"><div class=\"col-xs-6 col-sm-6 col-md-4\"><div class=\"thumbnail ref-109\"><a href=\"https:\/\/mexport.nl\/pt-br\/product_category\/preparacao_do_solo\/\"><div class=\"image_ratio_4_3\"><div class=\"content\" style=\"background-image:url();\"><\/div><\/div><div class=\"caption\">Prepara\u00e7\u00e3o do solo<\/div><\/a><\/div><\/div><div class=\"col-xs-6 col-sm-6 col-md-4\"><div class=\"thumbnail ref-109\"><a href=\"https:\/\/mexport.nl\/pt-br\/product_category\/tratamento_de_sementes\/\"><div class=\"image_ratio_4_3\"><div class=\"content\" style=\"background-image:url();\"><\/div><\/div><div class=\"caption\">Tratamento de sementes<\/div><\/a><\/div><\/div><div class=\"col-xs-6 col-sm-6 col-md-4\"><div class=\"thumbnail ref-109\"><a href=\"https:\/\/mexport.nl\/pt-br\/product_category\/tecnologia_de_plantas\/\"><div class=\"image_ratio_4_3\"><div class=\"content\" style=\"background-image:url();\"><\/div><\/div><div class=\"caption\">Tecnologia de plantas<\/div><\/a><\/div><\/div><div class=\"col-xs-6 col-sm-6 col-md-4\"><div class=\"thumbnail ref-109\"><a href=\"https:\/\/mexport.nl\/pt-br\/product_category\/proteccao_das_culturas\/\"><div class=\"image_ratio_4_3\"><div class=\"content\" style=\"background-image:url();\"><\/div><\/div><div class=\"caption\">Protec\u00e7\u00e3o das culturas<\/div><\/a><\/div><\/div><div class=\"col-xs-6 col-sm-6 col-md-4\"><div class=\"thumbnail ref-109\"><a href=\"https:\/\/mexport.nl\/pt-br\/product_category\/tecnologia_de_colheita\/\"><div class=\"image_ratio_4_3\"><div class=\"content\" style=\"background-image:url();\"><\/div><\/div><div class=\"caption\">Tecnologia de colheita<\/div><\/a><\/div><\/div><div class=\"col-xs-6 col-sm-6 col-md-4\"><div class=\"thumbnail ref-109\"><a href=\"https:\/\/mexport.nl\/pt-br\/product_category\/sistemas_de_armazenamento\/\"><div class=\"image_ratio_4_3\"><div class=\"content\" style=\"background-image:url();\"><\/div><\/div><div class=\"caption\">Sistemas de armazenamento<\/div><\/a><\/div><\/div><div class=\"col-xs-6 col-sm-6 col-md-4\"><div class=\"thumbnail ref-109\"><a href=\"https:\/\/mexport.nl\/pt-br\/product_category\/tecnologia_de_armazenamento\/\"><div class=\"image_ratio_4_3\"><div class=\"content\" style=\"background-image:url();\"><\/div><\/div><div class=\"caption\">Tecnologia de armazenamento<\/div><\/a><\/div><\/div><div class=\"col-xs-6 col-sm-6 col-md-4\"><div class=\"thumbnail ref-109\"><a href=\"https:\/\/mexport.nl\/pt-br\/product_category\/tecnologia_de_lavagem_classificacao_e_embalagem\/\"><div class=\"image_ratio_4_3\"><div class=\"content\" style=\"background-image:url();\"><\/div><\/div><div class=\"caption\">Tecnologia de lavagem, classifica\u00e7\u00e3o e embalagem<\/div><\/a><\/div><\/div><\/div>\n","protected":false},"excerpt":{"rendered":"<p>A Mexport trabalha exclusivamente com os principais fabricantes europeus especializados&#8230;<\/p>\n","protected":false},"author":1,"featured_media":0,"parent":0,"menu_order":0,"comment_status":"open","ping_status":"open","template":"","meta":{"footnotes":""},"class_list":["post-109","page","type-page","status-publish","hentry"],"_links":{"self":[{"href":"https:\/\/mexport.nl\/pt-br\/wp-json\/wp\/v2\/pages\/109","targetHints":{"allow":["GET"]}}],"collection":[{"href":"https:\/\/mexport.nl\/pt-br\/wp-json\/wp\/v2\/pages"}],"about":[{"href":"https:\/\/mexport.nl\/pt-br\/wp-json\/wp\/v2\/types\/page"}],"author":[{"embeddable":true,"href":"https:\/\/mexport.nl\/pt-br\/wp-json\/wp\/v2\/users\/1"}],"replies":[{"embeddable":true,"href":"https:\/\/mexport.nl\/pt-br\/wp-json\/wp\/v2\/comments?post=109"}],"version-history":[{"count":2,"href":"https:\/\/mexport.nl\/pt-br\/wp-json\/wp\/v2\/pages\/109\/revisions"}],"predecessor-version":[{"id":1062,"href":"https:\/\/mexport.nl\/pt-br\/wp-json\/wp\/v2\/pages\/109\/revisions\/1062"}],"wp:attachment":[{"href":"https:\/\/mexport.nl\/pt-br\/wp-json\/wp\/v2\/media?parent=109"}],"curies":[{"name":"wp","href":"https:\/\/api.w.org\/{rel}","templated":true}]}}