{"id":980,"date":"2014-10-02T12:17:03","date_gmt":"2014-10-02T12:17:03","guid":{"rendered":"http:\/\/mexport.nl\/?page_id=980"},"modified":"2016-01-13T13:28:51","modified_gmt":"2016-01-13T13:28:51","slug":"mexport-consejos-a-la-medida","status":"publish","type":"page","link":"https:\/\/mexport.nl\/es\/mexport-consejos-a-la-medida\/","title":{"rendered":"Mexport. Consejos a la medida."},"content":{"rendered":"<p>Invertir en mecanizaci\u00f3n merece una preparaci\u00f3n adecuada, lo que permite encontrar una perfecta combinaci\u00f3n entre sus objetivos y la maquinar\u00eda disponible en el mercado. Nuestro modelo de negocios es personalizado. Llegamos a conocer usted y su negocio, entendemos su visi\u00f3n del negocio agr\u00edcola y buscamos la soluci\u00f3n adecuada para sus necesidades. Somos profesionales, nos involucramos y estamos bien informados.<\/p>\n<hr>\n<div class=\"row\"><div class=\"col-xs-12  col-sm-6  col-md-6 col-lg-6\"><img decoding=\"async\" class=\"alignnone size-full wp-image-934 img-responsive\" src=\"http:\/\/mexport.nl\/wp-content\/uploads\/2014\/10\/nederland3.jpg\" alt=\"nederland\" \/><\/div>\n<div class=\"col-xs-12  col-sm-6  col-md-6 col-lg-6\"><strong>Main office &#8211; The Netherlands<\/strong><br \/>\n<strong>Mexport Maquinaria Agr\u00edcola B.V.<\/strong><br \/>\nStienzer Hegedyk 39<br \/>\nC.P. 9051-TA Stiens<br \/>\nHolanda<br \/>\nTel. +31 (0)518 401594<br \/>\nFax +31 (0)518 402848<br \/>\nE-mail: <a href=\"mailto:info@mexport.nl\">info@mexport.nl<\/a><br \/>\nInternet: <a href=\"http:\/\/www.mexport.nl\" target=\"_blank\">www.mexport.nl<\/a><\/p>\n<p>Contact: Sake G. Porte<br \/>\nTel. +31 (0) 6 11048446<br \/>\nE-mail: <a href=\"mailto:sakeporte@mexport.nl\">sakeporte@mexport.nl<\/a><\/p>\n<p>Contact: Jitse S. Porte<br \/>\nTel. +31 (0) 6 51108140<br \/>\nE-mail: <a href=\"mailto:jitseporte@mexport.nl\">jitseporte@mexport.nl<\/a><\/div><\/div>\n<hr>\n<div class=\"row\"><div class=\"col-xs-12  col-sm-6  col-md-6 col-lg-6\"><div class=\"row\"><div class=\"col-xs-12  col-sm-12  col-md-6 col-lg-6\"><img loading=\"lazy\" decoding=\"async\" width=\"640\" height=\"420\" class=\"alignnone size-full wp-image-942 img-responsive\" src=\"http:\/\/mexport.nl\/wp-content\/uploads\/2014\/10\/chili.jpg\" alt=\"chili\" srcset=\"https:\/\/mexport.nl\/wp-content\/uploads\/2014\/10\/chili.jpg 640w, https:\/\/mexport.nl\/wp-content\/uploads\/2014\/10\/chili-300x197.jpg 300w\" sizes=\"auto, (max-width: 640px) 100vw, 640px\" \/><\/div><div class=\"col-xs-12  col-sm-12  col-md-6 col-lg-6\">\n<strong>Chile<\/strong><\/p>\n<p><strong>Mexport Chile E.I.R.L.<\/strong><br \/>\nContact: Felipe Henriquez Vargas<br \/>\nLoteo Santa Elena, Parcela 5<br \/>\nPuerto Varas<br \/>\nChile<br \/>\nTel. +56 993339016<br \/>\nE-mail: <a href=\"mailto:fhenriquez@mexport.cl\">fhenriquez@mexport.cl<\/a><br \/>\nInternet: <a href=\"http:\/\/www.mexport.cl\" target=\"_blank\">www.mexport.cl<\/a><hr class = \"visible-xs-block\"><\/div><\/div><\/div><div class=\"col-xs-12  col-sm-6  col-md-6 col-lg-6\"><div class=\"row\"><div class=\"col-xs-12  col-sm-12  col-md-6 col-lg-6\"><img decoding=\"async\" class=\"alignnone size-full wp-image-946 img-responsive\" src=\"http:\/\/mexport.nl\/wp-content\/uploads\/2014\/10\/mexico1.jpg\" alt=\"mexico\" \/><\/div><div class=\"col-xs-12  col-sm-12  col-md-6 col-lg-6\">\n<strong>Mexico<\/strong><\/p>\n<p><strong>Structural SA de CV<\/strong><br \/>\nContact: Felipe Gonzalez Saldivar<br \/>\nBlvd. A. L\u00f3pez Mateos 2386 NTE.<br \/>\nC.P. 81223 Los Mochis (Sin)<br \/>\nMexico<br \/>\nTel. +52 668 818 5687<br \/>\nFax. +52 668 818 5689<br \/>\nE-mail: <a title=\"info@structural.com.mx\" href=\"mailto:info@structural.com.mx\">info@structural.com.mx<\/a><br \/>\nInternet: <a title=\"www.structural.com.mx\" href=\"http:\/\/www.structural.com.mx\">www.structural.com.mx<\/a><\/div><\/div><\/div><\/div>\n<hr>\n<div class=\"row\"><div class=\"col-xs-12  col-sm-6  col-md-6 col-lg-6\"><div class=\"row\"><div class=\"col-xs-12  col-sm-12  col-md-6 col-lg-6\"><img loading=\"lazy\" decoding=\"async\" width=\"640\" height=\"420\" class=\"alignnone size-full wp-image-946 img-responsive\" src=\"http:\/\/mexport.nl\/wp-content\/uploads\/2014\/10\/argentinie.jpg\" alt=\"argentinie\" srcset=\"https:\/\/mexport.nl\/wp-content\/uploads\/2014\/10\/argentinie.jpg 640w, https:\/\/mexport.nl\/wp-content\/uploads\/2014\/10\/argentinie-300x197.jpg 300w\" sizes=\"auto, (max-width: 640px) 100vw, 640px\" \/><\/div><div class=\"col-xs-12  col-sm-12  col-md-6 col-lg-6\">\n<strong>Argentina <\/strong><\/p>\n<p><strong>Mexport Argentina <\/strong><br \/>\nServicio technico y repuestos<br \/>\nContact: Ing. Matias Gutheim<br \/>\nDomicilio: Ruta 77, km 24, Comandante Nicanor Otamendi<br \/>\nDomicilio postal: Rivas 4583, 7600 Mar del Plata, Argentina<br \/>\nTelefono 24 hs.: +54 9 2234569832<br \/>\nMail: <a href=\"mailto:matias_guthiem@yahoo.com.ar\">matias_gutheim@yahoo.com.ar<\/a><hr class = \"visible-xs-block\"><\/div><\/div><\/div><div class=\"col-xs-12  col-sm-6  col-md-6 col-lg-6\"><div class=\"row\"><div class=\"col-xs-12  col-sm-12  col-md-6 col-lg-6\"><img loading=\"lazy\" decoding=\"async\" width=\"640\" height=\"420\" class=\"alignnone size-full wp-image-938 img-responsive\" src=\"http:\/\/mexport.nl\/wp-content\/uploads\/2014\/10\/rest.jpg\" alt=\"rest\" srcset=\"https:\/\/mexport.nl\/wp-content\/uploads\/2014\/10\/rest.jpg 640w, https:\/\/mexport.nl\/wp-content\/uploads\/2014\/10\/rest-300x197.jpg 300w\" sizes=\"auto, (max-width: 640px) 100vw, 640px\" \/><\/div><div class=\"col-xs-12  col-sm-126  col-md-6 col-lg-6\">\n<strong>Brasil, Venezuela, Colombia and all other countries<\/strong><\/p>\n<p><strong>Mexport Maquinaria Agricola B.V.<\/strong><br \/>\nStienzer Hegedyk 39<br \/>\nC.P. 9051-TA Stiens<br \/>\nHolanda<br \/>\nTel. +31 (0)518 401594<br \/>\nFax. +31 (0)518 402848<br \/>\nE-mail: <a href=\"mailto:info@mexport.nl\">info@mexport.nl<\/a><br \/>\nInternet: <a href=\"http:\/\/www.mexport.nl\">www.mexport.nl<\/a><\/div><\/div><\/div><\/div>\n","protected":false},"excerpt":{"rendered":"<p>Invertir en mecanizaci\u00f3n merece una preparaci\u00f3n adecuada, lo que permite&#8230;<\/p>\n","protected":false},"author":1,"featured_media":0,"parent":0,"menu_order":0,"comment_status":"open","ping_status":"open","template":"","meta":{"footnotes":""},"class_list":["post-980","page","type-page","status-publish","hentry"],"_links":{"self":[{"href":"https:\/\/mexport.nl\/es\/wp-json\/wp\/v2\/pages\/980","targetHints":{"allow":["GET"]}}],"collection":[{"href":"https:\/\/mexport.nl\/es\/wp-json\/wp\/v2\/pages"}],"about":[{"href":"https:\/\/mexport.nl\/es\/wp-json\/wp\/v2\/types\/page"}],"author":[{"embeddable":true,"href":"https:\/\/mexport.nl\/es\/wp-json\/wp\/v2\/users\/1"}],"replies":[{"embeddable":true,"href":"https:\/\/mexport.nl\/es\/wp-json\/wp\/v2\/comments?post=980"}],"version-history":[{"count":4,"href":"https:\/\/mexport.nl\/es\/wp-json\/wp\/v2\/pages\/980\/revisions"}],"predecessor-version":[{"id":1216,"href":"https:\/\/mexport.nl\/es\/wp-json\/wp\/v2\/pages\/980\/revisions\/1216"}],"wp:attachment":[{"href":"https:\/\/mexport.nl\/es\/wp-json\/wp\/v2\/media?parent=980"}],"curies":[{"name":"wp","href":"https:\/\/api.w.org\/{rel}","templated":true}]}}