{"id":116,"date":"2014-09-22T10:49:08","date_gmt":"2014-09-22T10:49:08","guid":{"rendered":"http:\/\/mexport.nl\/?page_id=116"},"modified":"2014-09-22T10:49:08","modified_gmt":"2014-09-22T10:49:08","slug":"sobre-nosotros","status":"publish","type":"page","link":"https:\/\/mexport.nl\/es\/sobre-nosotros\/","title":{"rendered":"Mexport. Innovaci\u00f3n y optimizaci\u00f3n en el cultivo de la papa"},"content":{"rendered":"<p>Holanda es conocida mundialmente por su innovaci\u00f3n. A partir de esta actitud surge un impulso constante por optimizar los procesos agr\u00edcolas. La optimizaci\u00f3n de productos y de procesos es la meta que los expertos en Holanda estamos trabajando en forma permanente.<\/p>\n<p>Mexport (fundada en 1989) se ha especializado en optimizar la totalidad del cultivo de la patata desde la preparaci\u00f3n del suelo, hasta el almacenamiento. Mexport interact\u00faa entre los fabricantes Europeos y empresarios agr\u00edcolas de Sud Am\u00e9rica. Con sede en Holanda y con amplia experiencia en la regi\u00f3n de Am\u00e9rica Latina, Mexport sabe c\u00f3mo optimizar los procesos productivos e incrementar la calidad \u00a0de la producci\u00f3n y mejorar su eficiencia.<\/p>\n<p>Con un estilo de atenci\u00f3n personalizado, sumado a un vasto conocimiento del mercado local, aportan valor al negocio de nuestros clientes. Trabajando codo a codo con los proveedores y \u00a0nuestros clientes, logramos construir soluciones a la medida para cada realidad.<\/p>\n<p>Tambi\u00e9n le ofrecemos asesor\u00eda en soluciones innovadoras en terreno.<\/p>\n","protected":false},"excerpt":{"rendered":"<p>Holanda es conocida mundialmente por su innovaci\u00f3n. A partir de&#8230;<\/p>\n","protected":false},"author":1,"featured_media":70,"parent":0,"menu_order":0,"comment_status":"open","ping_status":"open","template":"template-two-column.php","meta":{"footnotes":""},"class_list":["post-116","page","type-page","status-publish","has-post-thumbnail","hentry"],"_links":{"self":[{"href":"https:\/\/mexport.nl\/es\/wp-json\/wp\/v2\/pages\/116","targetHints":{"allow":["GET"]}}],"collection":[{"href":"https:\/\/mexport.nl\/es\/wp-json\/wp\/v2\/pages"}],"about":[{"href":"https:\/\/mexport.nl\/es\/wp-json\/wp\/v2\/types\/page"}],"author":[{"embeddable":true,"href":"https:\/\/mexport.nl\/es\/wp-json\/wp\/v2\/users\/1"}],"replies":[{"embeddable":true,"href":"https:\/\/mexport.nl\/es\/wp-json\/wp\/v2\/comments?post=116"}],"version-history":[{"count":1,"href":"https:\/\/mexport.nl\/es\/wp-json\/wp\/v2\/pages\/116\/revisions"}],"predecessor-version":[{"id":117,"href":"https:\/\/mexport.nl\/es\/wp-json\/wp\/v2\/pages\/116\/revisions\/117"}],"wp:featuredmedia":[{"embeddable":true,"href":"https:\/\/mexport.nl\/es\/wp-json\/wp\/v2\/media\/70"}],"wp:attachment":[{"href":"https:\/\/mexport.nl\/es\/wp-json\/wp\/v2\/media?parent=116"}],"curies":[{"name":"wp","href":"https:\/\/api.w.org\/{rel}","templated":true}]}}