{"id":107,"date":"2014-09-22T10:43:43","date_gmt":"2014-09-22T10:43:43","guid":{"rendered":"http:\/\/mexport.nl\/?page_id=107"},"modified":"2015-12-21T10:32:46","modified_gmt":"2015-12-21T10:32:46","slug":"productos","status":"publish","type":"page","link":"https:\/\/mexport.nl\/es\/productos\/","title":{"rendered":"Mexport. Trabajamos con marcas l\u00edderes"},"content":{"rendered":"<p>Mexport trabaja en forma exclusiva con las manufactureras l\u00edderes de Europa que se han especializado en el cultivo de la patata: su mecanizaci\u00f3n y en sistemas de almacenaje de alta calidad, garant\u00eda y confiabilidad. En nuestra gama de productos ofrecemos las mejores soluciones para cada etapa del cultivo de la patata. En esta p\u00e1gina detallamos y clasificamos los grupos de productos\u00a0 relacion\u00e1ndolos con los fabricantes que representamos. Para mayor informaci\u00f3n para la gama completa de maquinar\u00eda, por favor haga clic en el logo de la empresa.<\/p>\n<hr>\n<div class=\"row grid\"><div class=\"col-xs-6 col-sm-6 col-md-4\"><div class=\"thumbnail ref-107\"><a href=\"https:\/\/mexport.nl\/es\/product_category\/preparacion_de_suelo\/\"><div class=\"image_ratio_4_3\"><div class=\"content\" style=\"background-image:url();\"><\/div><\/div><div class=\"caption\">Preparaci\u00f3n de suelo<\/div><\/a><\/div><\/div><div class=\"col-xs-6 col-sm-6 col-md-4\"><div class=\"thumbnail ref-107\"><a href=\"https:\/\/mexport.nl\/es\/product_category\/tratamiento_de_semillas\/\"><div class=\"image_ratio_4_3\"><div class=\"content\" style=\"background-image:url();\"><\/div><\/div><div class=\"caption\">Tratamiento de semillas<\/div><\/a><\/div><\/div><div class=\"col-xs-6 col-sm-6 col-md-4\"><div class=\"thumbnail ref-107\"><a href=\"https:\/\/mexport.nl\/es\/product_category\/tecnologia_de_siembra\/\"><div class=\"image_ratio_4_3\"><div class=\"content\" style=\"background-image:url();\"><\/div><\/div><div class=\"caption\">Tecnolog\u00eda de siembra<\/div><\/a><\/div><\/div><div class=\"col-xs-6 col-sm-6 col-md-4\"><div class=\"thumbnail ref-107\"><a href=\"https:\/\/mexport.nl\/es\/product_category\/proteccion_de_cultivos\/\"><div class=\"image_ratio_4_3\"><div class=\"content\" style=\"background-image:url();\"><\/div><\/div><div class=\"caption\">Protecci\u00f3n de cultivos<\/div><\/a><\/div><\/div><div class=\"col-xs-6 col-sm-6 col-md-4\"><div class=\"thumbnail ref-107\"><a href=\"https:\/\/mexport.nl\/es\/product_category\/tecnologia_de_cosecha\/\"><div class=\"image_ratio_4_3\"><div class=\"content\" style=\"background-image:url();\"><\/div><\/div><div class=\"caption\">Tecnolog\u00eda de Cosecha<\/div><\/a><\/div><\/div><div class=\"col-xs-6 col-sm-6 col-md-4\"><div class=\"thumbnail ref-107\"><a href=\"https:\/\/mexport.nl\/es\/product_category\/sistemas_de_almacenamiento\/\"><div class=\"image_ratio_4_3\"><div class=\"content\" style=\"background-image:url();\"><\/div><\/div><div class=\"caption\">Sistemas de almacenamiento<\/div><\/a><\/div><\/div><div class=\"col-xs-6 col-sm-6 col-md-4\"><div class=\"thumbnail ref-107\"><a href=\"https:\/\/mexport.nl\/es\/product_category\/tecnologia_del_almacenaje\/\"><div class=\"image_ratio_4_3\"><div class=\"content\" style=\"background-image:url();\"><\/div><\/div><div class=\"caption\">Tecnologia del almacenaje<\/div><\/a><\/div><\/div><div class=\"col-xs-6 col-sm-6 col-md-4\"><div class=\"thumbnail ref-107\"><a href=\"https:\/\/mexport.nl\/es\/product_category\/tecnologia_de_lavado_clasificacion_y_envasado\/\"><div class=\"image_ratio_4_3\"><div class=\"content\" style=\"background-image:url();\"><\/div><\/div><div class=\"caption\">Tecnolog\u00eda de lavado, clasificaci\u00f3n y envasado<\/div><\/a><\/div><\/div><\/div>\n","protected":false},"excerpt":{"rendered":"<p>Mexport trabaja en forma exclusiva con las manufactureras l\u00edderes de&#8230;<\/p>\n","protected":false},"author":1,"featured_media":0,"parent":0,"menu_order":0,"comment_status":"open","ping_status":"open","template":"","meta":{"footnotes":""},"class_list":["post-107","page","type-page","status-publish","hentry"],"_links":{"self":[{"href":"https:\/\/mexport.nl\/es\/wp-json\/wp\/v2\/pages\/107","targetHints":{"allow":["GET"]}}],"collection":[{"href":"https:\/\/mexport.nl\/es\/wp-json\/wp\/v2\/pages"}],"about":[{"href":"https:\/\/mexport.nl\/es\/wp-json\/wp\/v2\/types\/page"}],"author":[{"embeddable":true,"href":"https:\/\/mexport.nl\/es\/wp-json\/wp\/v2\/users\/1"}],"replies":[{"embeddable":true,"href":"https:\/\/mexport.nl\/es\/wp-json\/wp\/v2\/comments?post=107"}],"version-history":[{"count":3,"href":"https:\/\/mexport.nl\/es\/wp-json\/wp\/v2\/pages\/107\/revisions"}],"predecessor-version":[{"id":1061,"href":"https:\/\/mexport.nl\/es\/wp-json\/wp\/v2\/pages\/107\/revisions\/1061"}],"wp:attachment":[{"href":"https:\/\/mexport.nl\/es\/wp-json\/wp\/v2\/media?parent=107"}],"curies":[{"name":"wp","href":"https:\/\/api.w.org\/{rel}","templated":true}]}}